{"id":15,"date":"2017-09-27T23:30:45","date_gmt":"2017-09-27T21:30:45","guid":{"rendered":"http:\/\/mein-mathematiktest.de\/?page_id=15"},"modified":"2019-08-25T13:44:51","modified_gmt":"2019-08-25T11:44:51","slug":"foerdermaterial","status":"publish","type":"page","link":"https:\/\/mein-mathematiktest.de\/?page_id=15","title":{"rendered":"\u00dcbungsm\u00f6glichkeiten"},"content":{"rendered":"\t\t<div data-elementor-type=\"wp-post\" data-elementor-id=\"15\" class=\"elementor elementor-15\">\n\t\t\t\t\t\t<div class=\"elementor-inner\">\n\t\t\t\t<div class=\"elementor-section-wrap\">\n\t\t\t\t\t\t\t\t\t<section class=\"elementor-section elementor-top-section elementor-element elementor-element-0ecbca1 elementor-section-boxed elementor-section-height-default elementor-section-height-default\" data-id=\"0ecbca1\" data-element_type=\"section\">\n\t\t\t\t\t\t<div class=\"elementor-container elementor-column-gap-default\">\n\t\t\t\t\t\t\t<div class=\"elementor-row\">\n\t\t\t\t\t<div class=\"elementor-column elementor-col-100 elementor-top-column elementor-element elementor-element-bbca920\" data-id=\"bbca920\" data-element_type=\"column\">\n\t\t\t<div class=\"elementor-column-wrap elementor-element-populated\">\n\t\t\t\t\t\t\t<div class=\"elementor-widget-wrap\">\n\t\t\t\t\t\t<div class=\"elementor-element elementor-element-21e9122 elementor-widget elementor-widget-text-editor\" data-id=\"21e9122\" data-element_type=\"widget\" data-widget_type=\"text-editor.default\">\n\t\t\t\t<div class=\"elementor-widget-container\">\n\t\t\t\t\t\t\t\t<div class=\"elementor-text-editor elementor-clearfix\">\n\t\t\t\t<p>Sie k\u00f6nnen mit <strong>bettermarks <\/strong>(kostenpflichtig) und <strong>realmath<\/strong> (gratis) \u00fcben. Wenn Sie den mathe4job-Test bis zum Ende durchgehalten haben, klicken Sie auf der Ergebnisseite den Reiter <em>Defizitanalyse<\/em> an und sehen im \u00dcberblick, wie Sie abgeschnitten haben:<\/p><ul><li><b>ROT:<\/b> Sie haben weniger als 50 % der Aufgaben dieses Gebietes richtig. Bevor Sie eine Ausbildung beginnen, sollten Sie unbedingt diesen Bereich auffrischen.<\/li><li><b>GELB:<\/b> Sie haben zwischen 50\u00a0% und 80\u00a0% der Aufgaben des Gebietes richtig. Das ist recht ordentlich, aber mit etwas \u00dcben ist &#8222;Luft nach oben&#8220;.<\/li><li><b>GR\u00dcN:<\/b> Sie haben \u00fcber 80 % der Aufgaben in diesem Gebiet richtig<\/li><\/ul><p>Selbst wenn Sie alles GR\u00dcN haben, kann es immer wieder gut sein, die Mathekenntnisse aufzufrischen. Das k\u00f6nnen Sie gut mit den beiden Systemen <strong>bettermarks<\/strong> und <strong>realmath<\/strong>. Im System bettermarks finden Sie gezielt auf die Aufgabenkategorien von mathe4job zugeschnittene Arbeitshefte (Abbildungen 1 und 2, in realmath (Abbildung 3) sollten Sie das wiki besuchen. Das Wiki erkl\u00e4rt Ihnen, wie Sie \u00fcben k\u00f6nnen.<\/p><table><tbody><tr><td width=\"91\"><figure id=\"attachment_356\" aria-describedby=\"caption-attachment-356\" style=\"width: 150px\" class=\"wp-caption alignnone\"><a href=\"http:\/\/mathematiktest-fuer-schulen.de\/wp-content\/uploads\/2019\/08\/bettermarks_bibliothek.png\"><img loading=\"lazy\" decoding=\"async\" class=\"wp-image-356 size-thumbnail\" src=\"http:\/\/mathematiktest-fuer-schulen.de\/wp-content\/uploads\/2019\/08\/bettermarks_bibliothek-150x150.png\" alt=\"\" width=\"150\" height=\"150\" \/><\/a><figcaption id=\"caption-attachment-356\" class=\"wp-caption-text\"><strong>Bettermarks Bibliothek<\/strong><\/figcaption><\/figure><\/td><td width=\"91\"><figure id=\"attachment_357\" aria-describedby=\"caption-attachment-357\" style=\"width: 150px\" class=\"wp-caption alignnone\"><a href=\"http:\/\/mathematiktest-fuer-schulen.de\/wp-content\/uploads\/2019\/08\/bettermarks_bibliothek_Ausbildungsberufe.png\"><img loading=\"lazy\" decoding=\"async\" class=\"wp-image-357 size-thumbnail\" src=\"http:\/\/mathematiktest-fuer-schulen.de\/wp-content\/uploads\/2019\/08\/bettermarks_bibliothek_Ausbildungsberufe-150x150.png\" alt=\"\" width=\"150\" height=\"150\" \/><\/a><figcaption id=\"caption-attachment-357\" class=\"wp-caption-text\"><strong>bettermarks Bibliothek Ausbildungsberufe<\/strong><\/figcaption><\/figure><\/td><td width=\"91\"><figure id=\"attachment_358\" aria-describedby=\"caption-attachment-358\" style=\"width: 150px\" class=\"wp-caption alignnone\"><a href=\"http:\/\/mathematiktest-fuer-schulen.de\/wp-content\/uploads\/2019\/08\/realmath.png\"><img loading=\"lazy\" decoding=\"async\" class=\"wp-image-358 size-thumbnail\" src=\"http:\/\/mathematiktest-fuer-schulen.de\/wp-content\/uploads\/2019\/08\/realmath-150x150.png\" alt=\"\" width=\"150\" height=\"150\" \/><\/a><figcaption id=\"caption-attachment-358\" class=\"wp-caption-text\"><strong>RealMath<\/strong><\/figcaption><\/figure><\/td><\/tr><\/tbody><\/table><p>Informationen und Anleitungen finden Sie in den folgenden Dokumenten.<\/p><ul><li>F\u00fcr bettermarks finden Sie ein<strong><a href=\"http:\/\/mein-mathematiktest.de\/Hinweise_zum_Arbeiten_mit_bm_von_bm.pdf\" target=\"_blank\" rel=\"noopener\"> Dokument mit Hinweisen, das von bettermarks erstellt wurde<\/a><\/strong> (mit einer rot markierten Erg\u00e4nzung von M. Stein), und ein weiteres <a href=\"http:\/\/mein-mathematiktest.de\/Hinweise_zur_Arbeit_mit_bm.pdf\" target=\"_blank\" rel=\"noopener\"><strong>Dokument, das sich direkt auf die Tests von mathe4job<\/strong><\/a> bezieht. Sie \u00f6ffnen die Dokumente durch Klick auf den fett markierten Text.<\/li><li>Als F\u00f6rdermaterial wird ebenfalls das auf die Testinhalte abgestimmte realmath-wiki empfohlen. Hier gelangen Sie zum\u00a0<strong><a href=\"http:\/\/realmath.de\/wiki\/index.php?title=Mathe_gezielt_%C3%BCben\" target=\"_blank\" rel=\"noopener\">realmath-wiki<\/a><\/strong>, und hier erhalten Sie<strong><a href=\"http:\/\/mein-mathematiktest.de\/wp-content\/uploads\/2018\/11\/Informationen-realmath-wiki.pdf\"> Informationen realmath-wiki.<\/a><\/strong><\/li><\/ul>\t\t\t\t\t<\/div>\n\t\t\t\t\t\t<\/div>\n\t\t\t\t<\/div>\n\t\t\t\t\t\t<\/div>\n\t\t\t\t\t<\/div>\n\t\t<\/div>\n\t\t\t\t\t\t\t\t<\/div>\n\t\t\t\t\t<\/div>\n\t\t<\/section>\n\t\t\t\t\t\t\t\t\t<\/div>\n\t\t\t<\/div>\n\t\t\t\t\t<\/div>\n\t\t","protected":false},"excerpt":{"rendered":"<p>Sie k\u00f6nnen mit bettermarks (kostenpflichtig) und realmath (gratis) \u00fcben. Wenn Sie den mathe4job-Test bis zum Ende durchgehalten haben, klicken Sie auf der Ergebnisseite den Reiter Defizitanalyse an und sehen im \u00dcberblick, wie Sie abgeschnitten haben: ROT: Sie haben weniger als 50 % der Aufgaben dieses Gebietes richtig. Bevor Sie eine Ausbildung beginnen, sollten Sie unbedingt [&hellip;]<\/p>\n","protected":false},"author":2,"featured_media":0,"parent":0,"menu_order":8,"comment_status":"closed","ping_status":"closed","template":"","meta":{"footnotes":""},"class_list":["post-15","page","type-page","status-publish","hentry","entry"],"_links":{"self":[{"href":"https:\/\/mein-mathematiktest.de\/index.php?rest_route=\/wp\/v2\/pages\/15","targetHints":{"allow":["GET"]}}],"collection":[{"href":"https:\/\/mein-mathematiktest.de\/index.php?rest_route=\/wp\/v2\/pages"}],"about":[{"href":"https:\/\/mein-mathematiktest.de\/index.php?rest_route=\/wp\/v2\/types\/page"}],"author":[{"embeddable":true,"href":"https:\/\/mein-mathematiktest.de\/index.php?rest_route=\/wp\/v2\/users\/2"}],"replies":[{"embeddable":true,"href":"https:\/\/mein-mathematiktest.de\/index.php?rest_route=%2Fwp%2Fv2%2Fcomments&post=15"}],"version-history":[{"count":30,"href":"https:\/\/mein-mathematiktest.de\/index.php?rest_route=\/wp\/v2\/pages\/15\/revisions"}],"predecessor-version":[{"id":421,"href":"https:\/\/mein-mathematiktest.de\/index.php?rest_route=\/wp\/v2\/pages\/15\/revisions\/421"}],"wp:attachment":[{"href":"https:\/\/mein-mathematiktest.de\/index.php?rest_route=%2Fwp%2Fv2%2Fmedia&parent=15"}],"curies":[{"name":"wp","href":"https:\/\/api.w.org\/{rel}","templated":true}]}}