{"id":46,"date":"2018-09-06T12:13:53","date_gmt":"2018-09-06T10:13:53","guid":{"rendered":"http:\/\/mein-mathematiktest.de\/?page_id=46"},"modified":"2025-05-26T14:48:12","modified_gmt":"2025-05-26T12:48:12","slug":"kosten","status":"publish","type":"page","link":"https:\/\/mein-mathematiktest.de\/?page_id=46","title":{"rendered":"TAN-Listen anfordern"},"content":{"rendered":"<section data-id=\"abe7fef\" data-element_type=\"section\">\n<p>Alle Tests auf <strong>mathe4job<\/strong> sind f\u00fcr jeden gratis.<\/p>\n<p>F\u00fcr den Bereich weiterf\u00fchrender Schulen im Bereich beruflicher Ausbildung gibt es aber im System <b>mathe-meistern<\/b> viele weitere Tests, die speziell f\u00fcr den Einsatz im Klassenverbund konzipiert sind. Dazu geh\u00f6rt die Bereitstellung von Tests <i>f\u00fcr verschiedene berufliche <\/i><i>Profile<\/i>. So gibt es f\u00fcr die Bereich <em>Technik<\/em>, <em>Wirtschaft und Verwaltung<\/em> sowie <em>Gesundheit und Soziales<\/em> je einen Test, der verschiedene Niveaustufen hat f\u00fcr die Anforderungen beruflicher Schulen, Fachoberschulen oder berufliches Gymnasien. Dazu kommt die M\u00f6glichkeit, ein Auswertungtool zu nutzen, mit dem Sie die Ergebnisse ihrer Klasse \u00fcbersichtlich (geordnet nach Inhaltsbereichen wie Algebra, Bruchrechnung,\u2026 oder Kompetenzen) ansehen und abrufen k\u00f6nnen (Informationen zum Auswertungstool finden Sie in der Men\u00fczeile).<\/p>\n<p>Lehrkr\u00e4fte an Schulen k\u00f6nnen f\u00fcr diese Tests TAN-Listen anfordern, um im Klassenverbund testen und das Auswertungstool nutzen zu k\u00f6nnen. <b><\/b><\/p>\n<p>F\u00fcr n\u00e4here Informationen k\u00f6nnen Sie gerne auch eine E-Mail an <strong><a href=\"mailto:kontakt@wtm-verlag.de\">kontakt@wtm-verlag.de<\/a><\/strong><a href=\"mailto:kontakt@wtm-verlag.de\"> schreiben.<\/a><strong><a href=\"mailto:kontakt@wtm-verlag.de\"><br \/><\/a><\/strong><\/p>\n<\/section>\n","protected":false},"excerpt":{"rendered":"<p>Alle Tests auf mathe4job sind f\u00fcr jeden gratis. F\u00fcr den Bereich weiterf\u00fchrender Schulen im Bereich beruflicher Ausbildung gibt es aber im System mathe-meistern viele weitere Tests, die speziell f\u00fcr den Einsatz im Klassenverbund konzipiert sind. Dazu geh\u00f6rt die Bereitstellung von Tests f\u00fcr verschiedene berufliche Profile. So gibt es f\u00fcr die Bereich Technik, Wirtschaft und Verwaltung [&hellip;]<\/p>\n","protected":false},"author":2,"featured_media":0,"parent":0,"menu_order":9,"comment_status":"closed","ping_status":"closed","template":"","meta":{"footnotes":""},"class_list":["post-46","page","type-page","status-publish","hentry","entry"],"_links":{"self":[{"href":"https:\/\/mein-mathematiktest.de\/index.php?rest_route=\/wp\/v2\/pages\/46","targetHints":{"allow":["GET"]}}],"collection":[{"href":"https:\/\/mein-mathematiktest.de\/index.php?rest_route=\/wp\/v2\/pages"}],"about":[{"href":"https:\/\/mein-mathematiktest.de\/index.php?rest_route=\/wp\/v2\/types\/page"}],"author":[{"embeddable":true,"href":"https:\/\/mein-mathematiktest.de\/index.php?rest_route=\/wp\/v2\/users\/2"}],"replies":[{"embeddable":true,"href":"https:\/\/mein-mathematiktest.de\/index.php?rest_route=%2Fwp%2Fv2%2Fcomments&post=46"}],"version-history":[{"count":17,"href":"https:\/\/mein-mathematiktest.de\/index.php?rest_route=\/wp\/v2\/pages\/46\/revisions"}],"predecessor-version":[{"id":437,"href":"https:\/\/mein-mathematiktest.de\/index.php?rest_route=\/wp\/v2\/pages\/46\/revisions\/437"}],"wp:attachment":[{"href":"https:\/\/mein-mathematiktest.de\/index.php?rest_route=%2Fwp%2Fv2%2Fmedia&parent=46"}],"curies":[{"name":"wp","href":"https:\/\/api.w.org\/{rel}","templated":true}]}}